{"id":17377,"date":"2023-02-23T12:25:39","date_gmt":"2023-02-23T11:25:39","guid":{"rendered":"https:\/\/santacecilia.it\/?post_type=product&#038;p=17377"},"modified":"2023-02-23T12:59:45","modified_gmt":"2023-02-23T11:59:45","slug":"il-linguaggio-di-stravinskij","status":"publish","type":"product","link":"https:\/\/santacecilia.it\/en\/prodotto\/il-linguaggio-di-stravinskij\/","title":{"rendered":"Il linguaggio di Stravinskij"},"content":{"rendered":"","protected":false},"excerpt":{"rendered":"<p>di Angelo Cantoni<\/p>\n<p>Il linguaggio di Stravinskij propone nuovi metodi per guardare all&#8217;opera di Stravinskij a pi\u00f9 di 50 anni dalla sua morte.<br \/>\nConsidera sia le singole composizioni sia l&#8217;evoluzione del suo linguaggio compositivo nel corso della sua vita. Lo scopo principale del volume \u00e8 quello di analizzare e chiarire l&#8217;intima coerenza della musica di Stravinskij, nonostante l&#8217;ampia variet\u00e0 di stili, combinazioni strumentali e modalit\u00e0 teatrali con le quali si \u00e8 cimentato. Sebbene la sua carriera sia spesso considerata come suddivisa in tre periodi distinti &#8211; russo, neoclassico e seriale &#8211; tutta la sua produzione \u00e8 riconducibile a una cifra compositiva unica e del tutto peculiare. L&#8217;analisi presentata in questo rendiconto identifica gli elementi basilari e la grammatica di questo linguaggio musicale.<br \/>\nCiascuno degli otto capitoli del libro si concentra su un aspetto del linguaggio musicale di Stravinskij, seguendolo cronologicamente all&#8217;interno di ciascun capitolo. Le stesse opere quindi sono spesso studiate in capitoli diversi, guardandole da una diversa prospettiva musicale.<br \/>\nQuesta analisi diacronica della musica di Stravinskij finisce cos\u00ec per fornire nuove importanti intuizioni sulla sua opera.<\/p>\n<p>2022 &#8211; Accademia Nazionale di Santa Cecilia<\/p>\n<p>Pagine: 575<\/p>\n","protected":false},"featured_media":17381,"template":"","meta":{"_acf_changed":false},"product_cat":[216],"product_tag":[],"acf":[],"_links":{"self":[{"href":"https:\/\/santacecilia.it\/en\/wp-json\/wp\/v2\/product\/17377"}],"collection":[{"href":"https:\/\/santacecilia.it\/en\/wp-json\/wp\/v2\/product"}],"about":[{"href":"https:\/\/santacecilia.it\/en\/wp-json\/wp\/v2\/types\/product"}],"wp:featuredmedia":[{"embeddable":true,"href":"https:\/\/santacecilia.it\/en\/wp-json\/wp\/v2\/media\/17381"}],"wp:attachment":[{"href":"https:\/\/santacecilia.it\/en\/wp-json\/wp\/v2\/media?parent=17377"}],"wp:term":[{"taxonomy":"product_cat","embeddable":true,"href":"https:\/\/santacecilia.it\/en\/wp-json\/wp\/v2\/product_cat?post=17377"},{"taxonomy":"product_tag","embeddable":true,"href":"https:\/\/santacecilia.it\/en\/wp-json\/wp\/v2\/product_tag?post=17377"}],"curies":[{"name":"wp","href":"https:\/\/api.w.org\/{rel}","templated":true}]}}