{"id":15050,"date":"2022-06-07T10:20:30","date_gmt":"2022-06-07T08:20:30","guid":{"rendered":"https:\/\/santacecilia.it\/?post_type=product&#038;p=15050"},"modified":"2022-09-13T15:25:45","modified_gmt":"2022-09-13T13:25:45","slug":"carte-da-musica","status":"publish","type":"product","link":"https:\/\/santacecilia.it\/en\/prodotto\/carte-da-musica\/","title":{"rendered":"Carte da musica"},"content":{"rendered":"","protected":false},"excerpt":{"rendered":"<p>L&#8217;inventario dell&#8217;archivio preunitario (1651-1870) dell&#8217;Accademia Nazionale di Santa Cecilia.<\/p>\n<p>A cura di Annalisa Bini e Mauro Tosti Croce<\/p>\n<div class=\"contScheda\">\n<div class=\"schedaBox\">\n<div class=\"txtScheda\">\n<div class=\"contScheda\">\n<div class=\"schedaBox\">\n<div class=\"txtScheda\">\n<div class=\"contScheda\">\n<div class=\"schedaBox\">\n<div class=\"txtScheda\">Dalla met\u00e0 del Seicento a oggi l&#8217;Archivio dell&#8217;Accademia di Santa Cecilia conserva la documentazione praticamente completa &#8211; amministrativa, storica, associativa e artistica &#8211; dell&#8217;Istituzione, e ne riflette l&#8217;attiva presenza nella cultura e nella vita musicale dapprima della sola citt\u00e0 di Roma, poi, a partire dal diciannovesimo secolo e soprattutto dall&#8217;unit\u00e0 d&#8217;Italia, anche a livello internazionale. Le lettere dei pi\u00f9 noti e importanti musicisti italiani e stranieri, da Corelli a Rossini, da Mahler a Stravinskij, convivono con l&#8217;archivio sonoro dei concerti e quello delle musiche di tradizione orale nazionali ed estere, con migliaia di fotografie, programmi di sala, locandine e manifesti. Pubblicato in collaborazione con il Ministero per i Beni Culturali e la Direzione generale archivi, il cui costante sostegno \u00e8 stato determinante nell&#8217;opera di riordino e inventariazione degli archivi musicali ceciliani.<\/div>\n<\/div>\n<\/div>\n<\/div>\n<\/div>\n<\/div>\n<\/div>\n<\/div>\n<\/div>\n<p>2016 &#8211; Accademia Nazionale di Santa Cecilia \/ Skira<\/p>\n<p>Pagine: 444<\/p>\n","protected":false},"featured_media":15051,"template":"","meta":{"_acf_changed":false},"product_cat":[216],"product_tag":[],"acf":[],"_links":{"self":[{"href":"https:\/\/santacecilia.it\/en\/wp-json\/wp\/v2\/product\/15050"}],"collection":[{"href":"https:\/\/santacecilia.it\/en\/wp-json\/wp\/v2\/product"}],"about":[{"href":"https:\/\/santacecilia.it\/en\/wp-json\/wp\/v2\/types\/product"}],"wp:featuredmedia":[{"embeddable":true,"href":"https:\/\/santacecilia.it\/en\/wp-json\/wp\/v2\/media\/15051"}],"wp:attachment":[{"href":"https:\/\/santacecilia.it\/en\/wp-json\/wp\/v2\/media?parent=15050"}],"wp:term":[{"taxonomy":"product_cat","embeddable":true,"href":"https:\/\/santacecilia.it\/en\/wp-json\/wp\/v2\/product_cat?post=15050"},{"taxonomy":"product_tag","embeddable":true,"href":"https:\/\/santacecilia.it\/en\/wp-json\/wp\/v2\/product_tag?post=15050"}],"curies":[{"name":"wp","href":"https:\/\/api.w.org\/{rel}","templated":true}]}}