{"id":15038,"date":"2022-06-07T09:22:38","date_gmt":"2022-06-07T07:22:38","guid":{"rendered":"https:\/\/santacecilia.it\/?post_type=product&#038;p=15038"},"modified":"2022-09-13T15:25:47","modified_gmt":"2022-09-13T13:25:47","slug":"jacopo-ferretti-e-la-cultura-del-suo-tempo","status":"publish","type":"product","link":"https:\/\/santacecilia.it\/en\/prodotto\/jacopo-ferretti-e-la-cultura-del-suo-tempo\/","title":{"rendered":"Jacopo Ferretti e la cultura del suo tempo"},"content":{"rendered":"","protected":false},"excerpt":{"rendered":"<p>AA.VV.<\/p>\n<p>In questo volume si pubblicano gli atti del convegno che l&#8217;Accademia di Santa Cecilia ha organizzato nel 1996 all&#8217;interno di un&#8217;operazione pi\u00f9 ampia legata alla riscoperta e allo studio dei materiali di Jacopo Ferretti, poligrafo e letterato romano. Nei contributi degli studiosi intervenuti \u00e8 indagata a fondo la poliedrica figura di Ferretti, poeta-impiegato, attento osservatore della realt\u00e0 romana del primo Ottocento, critico musicale e compagno di lavoro dei pi\u00f9 importanti compositori dell&#8217;epoca, personaggio centrale della borghesia intellettuale romana. Dall&#8217;album musicale di casa Ferretti sono inoltre pubblicate alcune composizioni inedite di Gaetano Donizetti che del librettista fu ottimo e sincero amico.<\/p>\n<p>1999 &#8211; Accademia Nazionale di Santa Cecilia<\/p>\n<p>Pagine: 344<\/p>\n","protected":false},"featured_media":14896,"template":"","meta":{"_acf_changed":false},"product_cat":[216],"product_tag":[],"acf":[],"_links":{"self":[{"href":"https:\/\/santacecilia.it\/en\/wp-json\/wp\/v2\/product\/15038"}],"collection":[{"href":"https:\/\/santacecilia.it\/en\/wp-json\/wp\/v2\/product"}],"about":[{"href":"https:\/\/santacecilia.it\/en\/wp-json\/wp\/v2\/types\/product"}],"wp:featuredmedia":[{"embeddable":true,"href":"https:\/\/santacecilia.it\/en\/wp-json\/wp\/v2\/media\/14896"}],"wp:attachment":[{"href":"https:\/\/santacecilia.it\/en\/wp-json\/wp\/v2\/media?parent=15038"}],"wp:term":[{"taxonomy":"product_cat","embeddable":true,"href":"https:\/\/santacecilia.it\/en\/wp-json\/wp\/v2\/product_cat?post=15038"},{"taxonomy":"product_tag","embeddable":true,"href":"https:\/\/santacecilia.it\/en\/wp-json\/wp\/v2\/product_tag?post=15038"}],"curies":[{"name":"wp","href":"https:\/\/api.w.org\/{rel}","templated":true}]}}