{"id":15035,"date":"2022-06-07T09:19:36","date_gmt":"2022-06-07T07:19:36","guid":{"rendered":"https:\/\/santacecilia.it\/?post_type=product&#038;p=15035"},"modified":"2022-09-13T15:25:47","modified_gmt":"2022-09-13T13:25:47","slug":"le-prime-rappresentazioni-delle-opere-di-donizetti-nella-stampa-coeva","status":"publish","type":"product","link":"https:\/\/santacecilia.it\/en\/prodotto\/le-prime-rappresentazioni-delle-opere-di-donizetti-nella-stampa-coeva\/","title":{"rendered":"Le prime rappresentazioni delle opere di Donizetti nella stampa coeva"},"content":{"rendered":"","protected":false},"excerpt":{"rendered":"<p>a cura di Annalisa Bini e Jeremy Commons<\/p>\n<p>La conoscenza della musica di Donizetti, per decenni ferma ai pochi fortunati titoli rimasti in repertorio (sostanzialmente quattro: <em>Lucia di Lammermoor<\/em>, <em>L&#8217;elisir d&#8217;amore<\/em>, <em>Don Pasquale<\/em> e, sia pure nella discutibilissima versione italiana, <em>La favorita<\/em>) ha potuto giovarsi di un&#8217;amplissima ricognizione che, soprattutto a partire dagli anni sessanta dello scorso secolo, ha rimesso in circolazione molti dei circa settanta titoli del suo vasto catalogo. Quella che con molta pertinenza \u00e8 stata chiamata &#8220;Donizetti-Renaissance&#8221; ha cos\u00ec non solo consentito negli anni scorsi di avviare l&#8217;edizione critica dei suoi melodrammi, ma ha anche dato origine ad un florilegio di studi e di ricerche assai articolato. L&#8217;esigenza di un&#8217;analisi pi\u00f9 approfondita della complessa e ricca personalit\u00e0 di Donizetti e del suo rapporto, estremamente vivace ed articolato, con la realt\u00e0 del suo tempo ha spinto l&#8217;Accademia Nazionale di Santa Cecilia a varare quest&#8217;opera cos\u00ec vasta realizzata grazie all&#8217;impegno dei due curatori. Il risultato non giova soltanto a comprendere meglio Donizetti, ma anche e soprattutto la sua epoca e le contraddizioni che la distinsero.<\/p>\n<p>1997 &#8211; Accademia Nazionale di Santa Cecilia<\/p>\n<p>Pagine: 1656<\/p>\n","protected":false},"featured_media":14899,"template":"","meta":{"_acf_changed":false},"product_cat":[216],"product_tag":[],"acf":[],"_links":{"self":[{"href":"https:\/\/santacecilia.it\/en\/wp-json\/wp\/v2\/product\/15035"}],"collection":[{"href":"https:\/\/santacecilia.it\/en\/wp-json\/wp\/v2\/product"}],"about":[{"href":"https:\/\/santacecilia.it\/en\/wp-json\/wp\/v2\/types\/product"}],"wp:featuredmedia":[{"embeddable":true,"href":"https:\/\/santacecilia.it\/en\/wp-json\/wp\/v2\/media\/14899"}],"wp:attachment":[{"href":"https:\/\/santacecilia.it\/en\/wp-json\/wp\/v2\/media?parent=15035"}],"wp:term":[{"taxonomy":"product_cat","embeddable":true,"href":"https:\/\/santacecilia.it\/en\/wp-json\/wp\/v2\/product_cat?post=15035"},{"taxonomy":"product_tag","embeddable":true,"href":"https:\/\/santacecilia.it\/en\/wp-json\/wp\/v2\/product_tag?post=15035"}],"curies":[{"name":"wp","href":"https:\/\/api.w.org\/{rel}","templated":true}]}}