{"id":15032,"date":"2022-06-07T09:13:34","date_gmt":"2022-06-07T07:13:34","guid":{"rendered":"https:\/\/santacecilia.it\/?post_type=product&#038;p=15032"},"modified":"2022-09-13T15:25:48","modified_gmt":"2022-09-13T13:25:48","slug":"larte-della-fuga-di-johann-sebastian-bach","status":"publish","type":"product","link":"https:\/\/santacecilia.it\/en\/prodotto\/larte-della-fuga-di-johann-sebastian-bach\/","title":{"rendered":"L&#8217;Arte della fuga di Johann Sebastian Bach"},"content":{"rendered":"","protected":false},"excerpt":{"rendered":"<p>Un&#8217;opera pitagorica e la sua realizzazione<\/p>\n<p>di Hans-Eberhard Dentler<\/p>\n<p><em>L&#8217;Arte della fuga<\/em> non \u00e8 solo uno dei pi\u00f9 grandi capolavori musicali, ma \u00e8 anche, allo stesso tempo, la pi\u00f9 problematica fra le opere di Bach quanto a interpretazione e prassi esecutiva. Nel suo &#8216;stato di segretezza&#8217;, <em>L&#8217;Arte della fuga<\/em> ricorda la <em>Gioconda<\/em> di Leonardo, e non ha mai trovato paragoni nella storia della musica. Sulla base delle sue scoperte, l&#8217;autore ha potuto dimostrare lo stretto collegamento esistente tra l&#8217;opera di Bach e il pensiero pitagorico. La seconda parte del libro \u00e8 dedicata alla verifica epistemologica delle tesi attualmente pi\u00f9 diffuse sull&#8217;<em>Arte della fuga<\/em> (le tesi della tastiera, del <em>Kunstbuch<\/em> e della musica da leggere) condotta secondo il metodo di Karl Popper e di Thomas S. Kuhn. La terza parte si occupa in particolare dell&#8217;esecuzione, o meglio dell&#8217;organico dell&#8217;<em>Arte della fuga<\/em>. Quest&#8217;ultimo, al di l\u00e0 della prassi esecutiva bachiana, appare condizionato dai parametri pitagorici e si concreta in quello stile musicale che fu descritto da Athanasius Kircher e da Lorenz Christoph Mitzler come <em>Stylus symphoniacus<\/em>.<\/p>\n<p>2000 &#8211; Accademia Nazionale di Santa Cecilia<\/p>\n<p>Pagine: 168<\/p>\n","protected":false},"featured_media":14898,"template":"","meta":{"_acf_changed":false},"product_cat":[216],"product_tag":[],"acf":[],"_links":{"self":[{"href":"https:\/\/santacecilia.it\/en\/wp-json\/wp\/v2\/product\/15032"}],"collection":[{"href":"https:\/\/santacecilia.it\/en\/wp-json\/wp\/v2\/product"}],"about":[{"href":"https:\/\/santacecilia.it\/en\/wp-json\/wp\/v2\/types\/product"}],"wp:featuredmedia":[{"embeddable":true,"href":"https:\/\/santacecilia.it\/en\/wp-json\/wp\/v2\/media\/14898"}],"wp:attachment":[{"href":"https:\/\/santacecilia.it\/en\/wp-json\/wp\/v2\/media?parent=15032"}],"wp:term":[{"taxonomy":"product_cat","embeddable":true,"href":"https:\/\/santacecilia.it\/en\/wp-json\/wp\/v2\/product_cat?post=15032"},{"taxonomy":"product_tag","embeddable":true,"href":"https:\/\/santacecilia.it\/en\/wp-json\/wp\/v2\/product_tag?post=15032"}],"curies":[{"name":"wp","href":"https:\/\/api.w.org\/{rel}","templated":true}]}}