{"id":15030,"date":"2022-06-07T09:10:15","date_gmt":"2022-06-07T07:10:15","guid":{"rendered":"https:\/\/santacecilia.it\/?post_type=product&#038;p=15030"},"modified":"2022-09-13T15:25:48","modified_gmt":"2022-09-13T13:25:48","slug":"gioia-e-dolore-diventano-canto","status":"publish","type":"product","link":"https:\/\/santacecilia.it\/en\/prodotto\/gioia-e-dolore-diventano-canto\/","title":{"rendered":"Gioia e dolore diventano canto"},"content":{"rendered":"","protected":false},"excerpt":{"rendered":"<p>Mille Lieder su poesie di Goethe dal 1769 al 1999<\/p>\n<p>di Erik Battaglia<\/p>\n<p>Goethe fu il nume tutelare del Lied tedesco moderno. La perfezione della lingua, la mediazione tra contenuto e ritmo poetico, tra individuo e universo: fu questa rivoluzione goethiana, insieme all&#8217;avvento del pianoforte e della borghesia, a favorire la nascita di una delle forme pi\u00f9 esaltanti della musica sette-ottocentesca. Dal casuale incontro di Mozart con Goethe, al mondo ancora inesplorato dei geniali compositori (Reichardt e Zelter) che furono idealmente alla corte del Poeta; dalle vette del Lied di Schubert a quelle del Lied di Wolf, passando per la grande valle dell&#8217;era romantica, in cui il Lied mantenne a dispetto delle etichette la sua razionalit\u00e0 passionale, la sua non arida vocazione illuministica. Ma la grandezza di Goethe in questo specifico ambito \u00e8 dimostrata anche dall&#8217;ispirazione che la sua poesia continu\u00f2 a elargire ai compositori di tutto il mondo lungo tutto il Novecento. Questo volume, che Dietrich Fischer-Dieskau ha definito &#8220;un libro fondamentale\u2026 una prova d&#8217;amore&#8221;, ripercorre la vicenda straordinaria del connubio tra parola poetica di Goethe e musica non partendo dalla teoria musicologica ma solo dalla realt\u00e0 verbale e sonora delle poesie e dei Lieder. Vengono presi in esame per la prima volta tutti i Lieder pi\u00f9 importanti (oltre a frammenti e versioni neglette) composti su poesie di Goethe nel corso di pi\u00f9 di due secoli, seguendo l&#8217;ordine editoriale scelto dal poeta stesso per i suoi opera omnia. Una nuova traduzione delle poesie, a cura dell&#8217;autore, e molti esempi musicali, favoriscono questo viaggio musicale nel macrocosmo poetico di Goethe. Di Fischer-Dieskau, autore della prefazione, vengono qui riprodotti per la prima volta in Italia alcuni ritratti di compositori che musicarono le poesie di Goethe.<\/p>\n<p>2008 &#8211; Accademia Nazionale di Santa Cecilia<\/p>\n<p>Pagine: 902<\/p>\n","protected":false},"featured_media":14891,"template":"","meta":{"_acf_changed":false},"product_cat":[216],"product_tag":[],"acf":[],"_links":{"self":[{"href":"https:\/\/santacecilia.it\/en\/wp-json\/wp\/v2\/product\/15030"}],"collection":[{"href":"https:\/\/santacecilia.it\/en\/wp-json\/wp\/v2\/product"}],"about":[{"href":"https:\/\/santacecilia.it\/en\/wp-json\/wp\/v2\/types\/product"}],"wp:featuredmedia":[{"embeddable":true,"href":"https:\/\/santacecilia.it\/en\/wp-json\/wp\/v2\/media\/14891"}],"wp:attachment":[{"href":"https:\/\/santacecilia.it\/en\/wp-json\/wp\/v2\/media?parent=15030"}],"wp:term":[{"taxonomy":"product_cat","embeddable":true,"href":"https:\/\/santacecilia.it\/en\/wp-json\/wp\/v2\/product_cat?post=15030"},{"taxonomy":"product_tag","embeddable":true,"href":"https:\/\/santacecilia.it\/en\/wp-json\/wp\/v2\/product_tag?post=15030"}],"curies":[{"name":"wp","href":"https:\/\/api.w.org\/{rel}","templated":true}]}}