{"id":15027,"date":"2022-06-07T09:06:15","date_gmt":"2022-06-07T07:06:15","guid":{"rendered":"https:\/\/santacecilia.it\/?post_type=product&#038;p=15027"},"modified":"2022-09-13T15:25:49","modified_gmt":"2022-09-13T13:25:49","slug":"la-cantata-intorno-agli-anni-italiani-di-handel","status":"publish","type":"product","link":"https:\/\/santacecilia.it\/en\/prodotto\/la-cantata-intorno-agli-anni-italiani-di-handel\/","title":{"rendered":"La cantata intorno agli anni italiani di H\u00e4ndel"},"content":{"rendered":"","protected":false},"excerpt":{"rendered":"<p>AA. VV<\/p>\n<p>Questo volume raccoglie i contributi degli studiosi che hanno partecipato al convegno La cantata da camera intorno agli anni italiani di H\u00e4ndel: problemi e prospettive di ricerca (Roma, 12-14 ottobre 2007) promosso nell&#8217;ambito del progetto <em>Mons\u00f9 Endel in Italia 1706-1709: tre secoli dopo il viaggio italiano di H\u00e4ndel<\/em>. Il viaggio in Italia rappresent\u00f2 per il compositore un vero e proprio trampolino di lancio in particolare a Roma dove trov\u00f2 una situazione culturalmente stimolante e una societ\u00e0 dominata da grandi figure di mecenati. L&#8217;ambiente romano impegn\u00f2 H\u00e4ndel soprattutto nel genere della &#8220;cantata da camera&#8221; il cui repertorio, nonostante la ricchezza e l&#8217;alto valore artistico, non \u00e8 ancora stato abbastanza indagato; gli studi qui pubblicati aprono nuove prospettive per gli studi e offrono stimolanti e significative chiavi di lettura.<\/p>\n<p>2009 &#8211; Accademia Nazionale di Santa Cecilia<\/p>\n<p>Pagine: 304<\/p>\n","protected":false},"featured_media":14897,"template":"","meta":{"_acf_changed":false},"product_cat":[216],"product_tag":[],"acf":[],"_links":{"self":[{"href":"https:\/\/santacecilia.it\/en\/wp-json\/wp\/v2\/product\/15027"}],"collection":[{"href":"https:\/\/santacecilia.it\/en\/wp-json\/wp\/v2\/product"}],"about":[{"href":"https:\/\/santacecilia.it\/en\/wp-json\/wp\/v2\/types\/product"}],"wp:featuredmedia":[{"embeddable":true,"href":"https:\/\/santacecilia.it\/en\/wp-json\/wp\/v2\/media\/14897"}],"wp:attachment":[{"href":"https:\/\/santacecilia.it\/en\/wp-json\/wp\/v2\/media?parent=15027"}],"wp:term":[{"taxonomy":"product_cat","embeddable":true,"href":"https:\/\/santacecilia.it\/en\/wp-json\/wp\/v2\/product_cat?post=15027"},{"taxonomy":"product_tag","embeddable":true,"href":"https:\/\/santacecilia.it\/en\/wp-json\/wp\/v2\/product_tag?post=15027"}],"curies":[{"name":"wp","href":"https:\/\/api.w.org\/{rel}","templated":true}]}}