{"id":14937,"date":"2022-05-26T16:30:47","date_gmt":"2022-05-26T14:30:47","guid":{"rendered":"https:\/\/santacecilia.it\/?post_type=product&#038;p=14937"},"modified":"2022-09-13T15:26:26","modified_gmt":"2022-09-13T13:26:26","slug":"giuseppe-martucci-da-capua-allaccademia-di-santa-cecilia","status":"publish","type":"product","link":"https:\/\/santacecilia.it\/en\/prodotto\/giuseppe-martucci-da-capua-allaccademia-di-santa-cecilia\/","title":{"rendered":"Giuseppe Martucci. Da Capua all&#8217;Accademia di Santa Cecilia"},"content":{"rendered":"","protected":false},"excerpt":{"rendered":"<p>AA. VV.<\/p>\n<p>In una non memorabile sentenza Guido Pannain affermava che il Novecento musicale italiano fosse iniziato con il funerale di Giuseppe Martucci (1909). A cento anni da quel funerale i tempi sono maturi per una riflessione sulla sua figura, sulla collocazione storica e sugli sviluppi che ne sono conseguiti. Questo volume raccoglie una selezione di saggi scritti per la ricorrenza centenaria non solo da musicologi, ma anche da storici della letteratura, della filosofia e della cultura. Parte degli scritti proviene da alcune giornate di studio dedicate al musicista di Capua nel corso del 2009; altri sono stati specificamente commissionati per l&#8217;occasione. Le celebrazioni centenarie sono state dislocate in diverse sedi collegate di Roma, Mantova e Napoli, e hanno costituito l&#8217;occasione per eseguire molta musica martucciana; un esempio si trova nel cd allegato al volume, contenente due composizioni per violoncello e pianoforte, emerse e pubblicate durante il centenario. Martucci \u00e8 ancora, per molti, il compositore di brevi pezzi caratteristici per pianoforte; eppure un&#8217;indagine anche sommaria rivela che il miniaturismo pianistico \u00e8 la parte pi\u00f9 caduca e debole della sua produzione, davanti alle grandi forme strumentali o alla Canzone dei ricordi. Ed \u00e8 su queste ultime opere, infatti, che il volume punta maggiore attenzione, nella convinzione che in esse risieda il valore storico ed estetico di Martucci. Specifica attenzione \u00e8 stata riservata allo studio delle fonti autografe, settore particolarmente importante per un compositore che usava correggere intensivamente i suoi manoscritti. Ne esce il ritratto di un compositore-interprete, che mal si adatta ai luoghi comuni dell&#8217; &#8220;epigono&#8221; o del &#8220;pioniere&#8221;, tanto radicati nella manualistica storica quanto inadeguati a un musicista aperto alla cultura europea ma al tempo stesso consapevole della tradizione nazionale.<\/p>\n<p>2012 &#8211; Accademia Nazionale di Santa Cecilia<\/p>\n<p>Pagine: 408<\/p>\n","protected":false},"featured_media":14894,"template":"","meta":{"_acf_changed":false},"product_cat":[216],"product_tag":[],"acf":[],"_links":{"self":[{"href":"https:\/\/santacecilia.it\/en\/wp-json\/wp\/v2\/product\/14937"}],"collection":[{"href":"https:\/\/santacecilia.it\/en\/wp-json\/wp\/v2\/product"}],"about":[{"href":"https:\/\/santacecilia.it\/en\/wp-json\/wp\/v2\/types\/product"}],"wp:featuredmedia":[{"embeddable":true,"href":"https:\/\/santacecilia.it\/en\/wp-json\/wp\/v2\/media\/14894"}],"wp:attachment":[{"href":"https:\/\/santacecilia.it\/en\/wp-json\/wp\/v2\/media?parent=14937"}],"wp:term":[{"taxonomy":"product_cat","embeddable":true,"href":"https:\/\/santacecilia.it\/en\/wp-json\/wp\/v2\/product_cat?post=14937"},{"taxonomy":"product_tag","embeddable":true,"href":"https:\/\/santacecilia.it\/en\/wp-json\/wp\/v2\/product_tag?post=14937"}],"curies":[{"name":"wp","href":"https:\/\/api.w.org\/{rel}","templated":true}]}}