{"id":14935,"date":"2022-05-26T16:25:34","date_gmt":"2022-05-26T14:25:34","guid":{"rendered":"https:\/\/santacecilia.it\/?post_type=product&#038;p=14935"},"modified":"2022-09-13T15:26:26","modified_gmt":"2022-09-13T13:26:26","slug":"enrico-di-san-martino-e-la-cultura-musicale-europea","status":"publish","type":"product","link":"https:\/\/santacecilia.it\/en\/prodotto\/enrico-di-san-martino-e-la-cultura-musicale-europea\/","title":{"rendered":"Enrico di San Martino e la cultura musicale europea"},"content":{"rendered":"","protected":false},"excerpt":{"rendered":"<p>AA. VV.<\/p>\n<p>Con questo volume l&#8217;Accademia di Santa Cecilia rende un primo, doveroso omaggio alla figura del conte Enrico di San Martino e Valperga (1863-1947), che dal 1895 alla sua morte fu presidente dell&#8217;istituzione. Egli seppe infondere un respiro internazionale alla propria attivit\u00e0 in favore dello sviluppo della cultura nell&#8217;Italia unita: la sua formazione di impronta europea e le innate doti manageriali ne fecero il promotore e il fondatore di importanti organismi artistici e culturali cittadini, nazionali e internazionali, come la Secessione romana, la Quadriennale d&#8217;arte, l&#8217;Unione nazionale concerti, la Federazione internazionale dei concerti. Grazie al suo impegno i pi\u00f9 grandi compositori e interpreti del primo Novecento approdarono a Roma nelle stagioni ceciliane, e a lui si deve l&#8217;istituzione nella capitale, sotto l&#8217;egida dell&#8217;Accademia, di un&#8217;orchestra sinfonica destinata a diventare stabile. La sua visione lungimirante e allargata a tutte le arti e al campo formativo portarono all&#8217;istituzione della Scuola di recitazione, odierna Accademia nazionale di arte drammatica e a quella nazionale di cinematografia, oggi Centro sperimentale di cinematografia. San Martino ricopr\u00ec molti incarichi istituzionali di grande rilievo: dapprima assessore del Comune di Roma, fu poi presidente esecutivo dell&#8217;Esposizione universale di Roma nel 1911, per il cui successo fu nominato senatore. Nel settore imprenditoriale dello spettacolo il conte, ispirato sempre da una concezione di tali attivit\u00e0 come \u2018servizio pubblico&#8217;, dette vita alla Societ\u00e0 anonima drammatica compagnia di Roma e alla Societ\u00e0 teatrale internazionale. Fu protagonista della costituzione di societ\u00e0 radiotelegrafiche e radiotelefoniche oltre a essere consigliere di amministrazione dei maggiori Istituti di credito specializzati in questi settori.<\/p>\n<p>2012 &#8211; Accademia Nazionale di Santa Cecilia<\/p>\n<p>Pagine: 608<\/p>\n","protected":false},"featured_media":14890,"template":"","meta":{"_acf_changed":false},"product_cat":[216],"product_tag":[],"acf":[],"_links":{"self":[{"href":"https:\/\/santacecilia.it\/en\/wp-json\/wp\/v2\/product\/14935"}],"collection":[{"href":"https:\/\/santacecilia.it\/en\/wp-json\/wp\/v2\/product"}],"about":[{"href":"https:\/\/santacecilia.it\/en\/wp-json\/wp\/v2\/types\/product"}],"wp:featuredmedia":[{"embeddable":true,"href":"https:\/\/santacecilia.it\/en\/wp-json\/wp\/v2\/media\/14890"}],"wp:attachment":[{"href":"https:\/\/santacecilia.it\/en\/wp-json\/wp\/v2\/media?parent=14935"}],"wp:term":[{"taxonomy":"product_cat","embeddable":true,"href":"https:\/\/santacecilia.it\/en\/wp-json\/wp\/v2\/product_cat?post=14935"},{"taxonomy":"product_tag","embeddable":true,"href":"https:\/\/santacecilia.it\/en\/wp-json\/wp\/v2\/product_tag?post=14935"}],"curies":[{"name":"wp","href":"https:\/\/api.w.org\/{rel}","templated":true}]}}