{"id":14878,"date":"2022-05-26T14:41:41","date_gmt":"2022-05-26T12:41:41","guid":{"rendered":"https:\/\/santacecilia.it\/?post_type=product&#038;p=14878"},"modified":"2022-09-13T15:26:27","modified_gmt":"2022-09-13T13:26:27","slug":"giovanni-sgambati-musicista-dellavvenire-o-epigono-romantico","status":"publish","type":"product","link":"https:\/\/santacecilia.it\/en\/prodotto\/giovanni-sgambati-musicista-dellavvenire-o-epigono-romantico\/","title":{"rendered":"Giovanni Sgambati: musicista dell&#8217;avvenire o epigono romantico?"},"content":{"rendered":"","protected":false},"excerpt":{"rendered":"<p>a cura di Bianca Maria Antolini, Annalisa Bini<\/p>\n<p>Collana l\u2019Arte armonica Serie III, 2018<br \/>\nEdizioni Accademia Nazionale di Santa Cecilia<\/p>\n<p>Giovanni Sgambati (1841-1914), pianista, direttore d&#8217;orchestra e compositore, svolse una fervida e meritoria attivit\u00e0 per un rinnovamento della vita musicale romana e poi italiana, promuovendo l&#8217;interesse per la musica strumentale, sinfonica e da camera e contribuendo in modo decisivo e originale a far conoscere la musica d&#8217;oltralpe. Ragazzo prodigio, fu allievo di Liszt e legato da amicizia e stima a Richard Wagner, grazie al quale pubblic\u00f2 le sue prime composizioni. Accademico ceciliano e filarmonico, con Ettore Pinelli gett\u00f2 le basi per l&#8217;istituzione del Liceo musicale, la Societ\u00e0 orchestrale romana e il &#8220;Quintetto della Regina&#8221;. Pianista acclamatissimo, svolse la propria attivit\u00e0 concertistica a Roma &#8211; per lo pi\u00f9 nei salotti nobiliari della comunit\u00e0 straniera di stanza nella capitale &#8211; e all&#8217;estero, soprattutto in Inghilterra dove ebbe accoglienze trionfali. Ciononostante la bibliografia su Giovanni Sgambati non \u00e8 particolarmente nutrita, e si \u00e8 arricchita solo recentemente con contributi di studiosi che hanno potuto accedere al suo Archivio e ai suoi documenti e cimeli, acquistati nel 1994 dallo Stato italiano. Per questo nel centenario della sua morte (dicembre 2014) l&#8217;Accademia di Santa Cecilia, con la collaborazione della Fondazione Istituto Liszt e delle maggiori istituzioni musicali e musicologiche romane, ha voluto ricordarlo, cercando nuovi punti di vista e nuove prospettive per una riflessione sulla sua opera e la sua influenza sulla cultura musicale dell&#8217;Italia unita.\u00f9<\/p>\n<p>670 pagine<\/p>\n<p>&nbsp;<\/p>\n","protected":false},"featured_media":14893,"template":"","meta":{"_acf_changed":false},"product_cat":[216],"product_tag":[],"acf":[],"_links":{"self":[{"href":"https:\/\/santacecilia.it\/en\/wp-json\/wp\/v2\/product\/14878"}],"collection":[{"href":"https:\/\/santacecilia.it\/en\/wp-json\/wp\/v2\/product"}],"about":[{"href":"https:\/\/santacecilia.it\/en\/wp-json\/wp\/v2\/types\/product"}],"wp:featuredmedia":[{"embeddable":true,"href":"https:\/\/santacecilia.it\/en\/wp-json\/wp\/v2\/media\/14893"}],"wp:attachment":[{"href":"https:\/\/santacecilia.it\/en\/wp-json\/wp\/v2\/media?parent=14878"}],"wp:term":[{"taxonomy":"product_cat","embeddable":true,"href":"https:\/\/santacecilia.it\/en\/wp-json\/wp\/v2\/product_cat?post=14878"},{"taxonomy":"product_tag","embeddable":true,"href":"https:\/\/santacecilia.it\/en\/wp-json\/wp\/v2\/product_tag?post=14878"}],"curies":[{"name":"wp","href":"https:\/\/api.w.org\/{rel}","templated":true}]}}