{"id":13411,"date":"2022-02-15T10:46:27","date_gmt":"2022-02-15T09:46:27","guid":{"rendered":"https:\/\/santacecilia.it\/?post_type=product&#038;p=13411"},"modified":"2022-09-13T15:27:19","modified_gmt":"2022-09-13T13:27:19","slug":"trillilli-nel-paese-con-le-ali","status":"publish","type":"product","link":"https:\/\/santacecilia.it\/en\/prodotto\/trillilli-nel-paese-con-le-ali\/","title":{"rendered":"Trillill\u00ec nel paese con le ali"},"content":{"rendered":"","protected":false},"excerpt":{"rendered":"<p><span class=\"link_head_black\">AUTORI:<\/span>\u00a0Ambrogio Sparagna, Anna Rita Colaianni<br \/>\n<span class=\"link_head_black\">PAGINE: 110<br \/>\nEDIZIONE:<\/span>\u00a0Con cd audio allegato<br \/>\nIllustrazioni di Alessandro Ferraro<br \/>\nMusiche di Ambrogio Sparagna<br \/>\nAccademia Nazionale di Santa Cecilia<\/p>\n<div class=\"contScheda\">\n<div class=\"schedaBox\">\n<div class=\"txtScheda\">Il viaggio avventuroso di Trillill\u00ec alla ricerca della &#8220;scatola che suona&#8221;. Nel Paese Senza Nome dopo il terribile terremoto che ha spazzato via case e persone tutto \u00e8 cambiato: la gente \u00e8 triste e i giovani e i bambini sono andati a vivere altrove. Ma un giorno arriva un viandante che tra la sua mercanzia ha un oggetto magico, uno strumento musicale: un organetto che con la sua musica \u00e8 capace di riportare l&#8217;allegria e forse la felicit\u00e0 tra gli abitanti del paese. Ma non tutto \u00e8 cos\u00ec semplice e Trillill\u00ec&#8217; per aiutare i suoi compaesani dovr\u00e0 affrontare mille avventure. Lungo il cammino, irto di pericoli e sorprese, incontrer\u00e0 briganti, amici e forse l&#8217;amore. Nerina, Ficosecco, Carmine, Diamante sono sempre con lui accompagnandolo nelle sue peripezie e nella scoperta della vita.<\/div>\n<\/div>\n<\/div>\n","protected":false},"featured_media":13412,"template":"","meta":{"_acf_changed":false},"product_cat":[216],"product_tag":[],"acf":[],"_links":{"self":[{"href":"https:\/\/santacecilia.it\/en\/wp-json\/wp\/v2\/product\/13411"}],"collection":[{"href":"https:\/\/santacecilia.it\/en\/wp-json\/wp\/v2\/product"}],"about":[{"href":"https:\/\/santacecilia.it\/en\/wp-json\/wp\/v2\/types\/product"}],"wp:featuredmedia":[{"embeddable":true,"href":"https:\/\/santacecilia.it\/en\/wp-json\/wp\/v2\/media\/13412"}],"wp:attachment":[{"href":"https:\/\/santacecilia.it\/en\/wp-json\/wp\/v2\/media?parent=13411"}],"wp:term":[{"taxonomy":"product_cat","embeddable":true,"href":"https:\/\/santacecilia.it\/en\/wp-json\/wp\/v2\/product_cat?post=13411"},{"taxonomy":"product_tag","embeddable":true,"href":"https:\/\/santacecilia.it\/en\/wp-json\/wp\/v2\/product_tag?post=13411"}],"curies":[{"name":"wp","href":"https:\/\/api.w.org\/{rel}","templated":true}]}}