{"id":13402,"date":"2022-02-15T10:31:42","date_gmt":"2022-02-15T09:31:42","guid":{"rendered":"https:\/\/santacecilia.it\/?post_type=product&#038;p=13402"},"modified":"2022-09-13T15:27:19","modified_gmt":"2022-09-13T13:27:19","slug":"larmonica-dargento","status":"publish","type":"product","link":"https:\/\/santacecilia.it\/en\/prodotto\/larmonica-dargento\/","title":{"rendered":"L&#8217;armonica d&#8217;argento"},"content":{"rendered":"","protected":false},"excerpt":{"rendered":"<p>Autore: Mauro Neri<br \/>\nPagine: 103<br \/>\nCon audiolibro allegato<br \/>\nIllustrazioni di Federica Periotto<br \/>\nVoce recitante: Mauro Neri<\/p>\n<p>Quando scoppia una guerra, e per di pi\u00f9 mondiale, cosa volete che ne sappia la gente di un paesino sperduto tra le montagne? All&#8217;improvviso piombano camion carichi di truppe in divisa, cannoni, bombe e tenentini freschi di Accademia che sbraitano ordini in tedesco e alla fine non ci capisce pi\u00f9 nulla nessuno. Quando una guerra mondiale ti scoppia in cortile, la gente se ne accorge perch\u00e9 \u00e8 obbligata a lasciare le proprie case, ad abbandonare le proprie cose e a trasferirsi lontano&#8230; Tutti sfollati, a eccezione del piccolo Angelo, che era al pascolo su, alle Millegrobbe e a Campolongo, in italia, da solo e con le capre di famiglia. Comincia cos\u00ec la storia dell&#8217;Armonica d&#8217;argento, la Grande Guerra vista con gli occhi di un ragazzo. Pubblicazione realizzata nell&#8217;ambito del progetto &#8220;Prima guerra mondiale: la grande trasformazione&#8221;, promosso da Fondazione Giangiacomo Feltrinelli, Accademia Nazionale di Santa Cecilia e Fondazione Istituto Gramsci, con il contributo di Fondazione Cariplo.<\/p>\n","protected":false},"featured_media":13403,"template":"","meta":{"_acf_changed":false},"product_cat":[216],"product_tag":[],"acf":[],"_links":{"self":[{"href":"https:\/\/santacecilia.it\/en\/wp-json\/wp\/v2\/product\/13402"}],"collection":[{"href":"https:\/\/santacecilia.it\/en\/wp-json\/wp\/v2\/product"}],"about":[{"href":"https:\/\/santacecilia.it\/en\/wp-json\/wp\/v2\/types\/product"}],"wp:featuredmedia":[{"embeddable":true,"href":"https:\/\/santacecilia.it\/en\/wp-json\/wp\/v2\/media\/13403"}],"wp:attachment":[{"href":"https:\/\/santacecilia.it\/en\/wp-json\/wp\/v2\/media?parent=13402"}],"wp:term":[{"taxonomy":"product_cat","embeddable":true,"href":"https:\/\/santacecilia.it\/en\/wp-json\/wp\/v2\/product_cat?post=13402"},{"taxonomy":"product_tag","embeddable":true,"href":"https:\/\/santacecilia.it\/en\/wp-json\/wp\/v2\/product_tag?post=13402"}],"curies":[{"name":"wp","href":"https:\/\/api.w.org\/{rel}","templated":true}]}}