{"id":12229,"date":"2021-11-16T16:51:14","date_gmt":"2021-11-16T15:51:14","guid":{"rendered":"https:\/\/santacecilia.it\/?post_type=product&#038;p=12229"},"modified":"2022-09-13T15:27:20","modified_gmt":"2022-09-13T13:27:20","slug":"il-tamburino-di-garibaldi","status":"publish","type":"product","link":"https:\/\/santacecilia.it\/en\/prodotto\/il-tamburino-di-garibaldi\/","title":{"rendered":"Il tamburino di Garibaldi"},"content":{"rendered":"","protected":false},"excerpt":{"rendered":"<p>AUTORE: Janna Carioli<br \/>\nPAGINE: 98<br \/>\nEDIZIONE: Con audiolibro<br \/>\nIllustrazioni di Alberto Rebori \/ Voce narrante: Danilo Bertazzi<br \/>\nAccademia Nazionale di Santa Cecilia<br \/>\nANNO: 2009<\/p>\n<p>\u00c8 il 29 giugno giugno 1849 a Roma, nei giorni in cui, sul Gianicolo si sta per combattere la battaglia campale che decreter\u00e0 la sconfitta della Repubblica Romana e la fuga di Garibaldi verso Venezia. Elia, scugnizzo ebreo romano, di dodici anni viene scoperto mentre, durante la festa di San Pietro, cerca di rubare il tamburo a Lorenzo, che scoprir\u00e0 essere il tamburino del generale, nonch\u00e9 figlio di Ciceruacchio, il popolano romano che si \u00e8 unito ai volontari garibaldini. Fra i due ragazzi nascer\u00e0 una intensa amicizia che avr\u00e0 come tramite il tamburo. Il tutto avviene durante la fuga dei volontari che, sfuggendo alle truppe austriache tenta di raggiungere il Veneto attraverso le valli di Comacchio. Quella che per gli adulti \u00e8 una impresa disperata, viene vissuta dai due ragazzi come una grande avventura, con risvolti di divertimento e piccole furfanterie, che spesso rischiano di mettere in pericolo i grandi. La fratellanza fra di loro diventa pi\u00f9 forte di un legame di sangue e li unir\u00e0 anche nei momenti pi\u00f9 drammatici.<\/p>\n","protected":false},"featured_media":12230,"template":"","meta":{"_acf_changed":false},"product_cat":[216],"product_tag":[],"acf":[],"_links":{"self":[{"href":"https:\/\/santacecilia.it\/en\/wp-json\/wp\/v2\/product\/12229"}],"collection":[{"href":"https:\/\/santacecilia.it\/en\/wp-json\/wp\/v2\/product"}],"about":[{"href":"https:\/\/santacecilia.it\/en\/wp-json\/wp\/v2\/types\/product"}],"wp:featuredmedia":[{"embeddable":true,"href":"https:\/\/santacecilia.it\/en\/wp-json\/wp\/v2\/media\/12230"}],"wp:attachment":[{"href":"https:\/\/santacecilia.it\/en\/wp-json\/wp\/v2\/media?parent=12229"}],"wp:term":[{"taxonomy":"product_cat","embeddable":true,"href":"https:\/\/santacecilia.it\/en\/wp-json\/wp\/v2\/product_cat?post=12229"},{"taxonomy":"product_tag","embeddable":true,"href":"https:\/\/santacecilia.it\/en\/wp-json\/wp\/v2\/product_tag?post=12229"}],"curies":[{"name":"wp","href":"https:\/\/api.w.org\/{rel}","templated":true}]}}